{"id":6160,"date":"2020-02-26T13:21:20","date_gmt":"2020-02-26T18:21:20","guid":{"rendered":"https:\/\/maniwakinfc.ca\/?page_id=6160"},"modified":"2026-02-03T08:27:00","modified_gmt":"2026-02-03T13:27:00","slug":"documents-2","status":"publish","type":"page","link":"https:\/\/maniwakinfc.ca\/fr\/documents-2\/","title":{"rendered":"Documents"},"content":{"rendered":"<div data-elementor-type=\"wp-page\" data-elementor-id=\"6160\" class=\"elementor elementor-6160\">\n\t\t\t\t\t\t<section class=\"elementor-section elementor-top-section elementor-element elementor-element-1fe8cf4 elementor-section-boxed elementor-section-height-default elementor-section-height-default\" data-id=\"1fe8cf4\" data-element_type=\"section\" data-e-type=\"section\">\n\t\t\t\t\t\t<div class=\"elementor-container elementor-column-gap-default\">\n\t\t\t\t\t<div class=\"elementor-column elementor-col-100 elementor-top-column elementor-element elementor-element-7dcfa74\" data-id=\"7dcfa74\" data-element_type=\"column\" data-e-type=\"column\">\n\t\t\t<div class=\"elementor-widget-wrap elementor-element-populated\">\n\t\t\t\t\t\t<div class=\"elementor-element elementor-element-b5a64c1 elementor-widget elementor-widget-heading\" data-id=\"b5a64c1\" data-element_type=\"widget\" data-e-type=\"widget\" data-widget_type=\"heading.default\">\n\t\t\t\t<div class=\"elementor-widget-container\">\n\t\t\t\t\t<h2 class=\"elementor-heading-title elementor-size-default\">Documents<\/h2>\t\t\t\t<\/div>\n\t\t\t\t<\/div>\n\t\t\t\t<div class=\"elementor-element elementor-element-e52ad84 elementor-widget elementor-widget-text-editor\" data-id=\"e52ad84\" data-element_type=\"widget\" data-e-type=\"widget\" data-widget_type=\"text-editor.default\">\n\t\t\t\t<div class=\"elementor-widget-container\">\n\t\t\t\t\t\t\t\t\t<ul><li><a href=\"https:\/\/maniwakinfc.ca\/wp-content\/uploads\/2025\/12\/MNFC-Annual-Report-2024-2025.pdf\">Annual Activity Report 2024-2025<\/a>\u00a0<\/li><li><a href=\"https:\/\/maniwakinfc.ca\/wp-content\/uploads\/2025\/12\/MNFC-Activity-Report-2023-2024.pdf\">\u00a0Annual Activity Report 2023-2024<\/a><\/li><li>\u00a0Annual Activity Report 2022-2023<\/li><li>Annual Activity Report 2021-2022<\/li><li>Annual Activity Report 2020-2021<\/li><li>Annual Activity Report 2019-2020<\/li><li><a href=\"https:\/\/maniwakinfc.ca\/wp-content\/uploads\/2020\/02\/Annual-Report-2018-2019Edited-pdf.pdf\" target=\"_blank\" rel=\"noopener\">Annual Activity Report 2018-2019<\/a><\/li><li><a href=\"https:\/\/maniwakinfc.ca\/wp-content\/uploads\/2020\/01\/Annual-Report-2017-2018-Edited.pdf\" target=\"_blank\" rel=\"noopener\">Annual Activity Report 2017-2018<\/a><\/li><li><a href=\"https:\/\/maniwakinfc.ca\/wp-content\/uploads\/2020\/02\/MNFC-EARLY-CHILDHOOD-NEEDS-ASSESSMENT.pdf\" target=\"_blank\" rel=\"noopener\">\u00c9valuation des besoins des enfants \u00e2g\u00e9s de 0 \u00e0 6 ans (2019)<\/a><\/li><li><a href=\"https:\/\/maniwakinfc.ca\/wp-content\/uploads\/2020\/02\/NeedsAssessment_Maniwaki-EN.pdf\" target=\"_blank\" rel=\"noopener\">\u00c9valuation des besoins du Centre d'amiti\u00e9 autochtone de Maniwaki (2016)<\/a><\/li><\/ul>\t\t\t\t\t\t\t\t<\/div>\n\t\t\t\t<\/div>\n\t\t\t\t\t<\/div>\n\t\t<\/div>\n\t\t\t\t\t<\/div>\n\t\t<\/section>\n\t\t\t\t<section class=\"elementor-section elementor-top-section elementor-element elementor-element-18374a3 elementor-section-boxed elementor-section-height-default elementor-section-height-default\" data-id=\"18374a3\" data-element_type=\"section\" data-e-type=\"section\">\n\t\t\t\t\t\t<div class=\"elementor-container elementor-column-gap-default\">\n\t\t\t\t\t<div class=\"elementor-column elementor-col-100 elementor-top-column elementor-element elementor-element-47df2fc\" data-id=\"47df2fc\" data-element_type=\"column\" data-e-type=\"column\">\n\t\t\t<div class=\"elementor-widget-wrap elementor-element-populated\">\n\t\t\t\t\t\t<div class=\"elementor-element elementor-element-46b6f5c elementor-widget elementor-widget-heading\" data-id=\"46b6f5c\" data-element_type=\"widget\" data-e-type=\"widget\" data-widget_type=\"heading.default\">\n\t\t\t\t<div class=\"elementor-widget-container\">\n\t\t\t\t\t<h2 class=\"elementor-heading-title elementor-size-default\">Ressources<\/h2>\t\t\t\t<\/div>\n\t\t\t\t<\/div>\n\t\t\t\t<div class=\"elementor-element elementor-element-889e637 elementor-widget elementor-widget-text-editor\" data-id=\"889e637\" data-element_type=\"widget\" data-e-type=\"widget\" data-widget_type=\"text-editor.default\">\n\t\t\t\t<div class=\"elementor-widget-container\">\n\t\t\t\t\t\t\t\t\t<ul><li><a href=\"http:\/\/www.rcaaq.info\/\" target=\"_blank\" rel=\"noopener\">Regroupement des centres d\u2019amiti\u00e9 autochtones du Qu\u00e9bec (RCAAQ)<\/a><\/li><li><a href=\"https:\/\/www.nafc.ca\/en\/\" target=\"_blank\" rel=\"noopener\">Association nationale des centres d'amiti\u00e9<\/a><\/li><\/ul>\t\t\t\t\t\t\t\t<\/div>\n\t\t\t\t<\/div>\n\t\t\t\t\t<\/div>\n\t\t<\/div>\n\t\t\t\t\t<\/div>\n\t\t<\/section>\n\t\t\t\t<section class=\"elementor-section elementor-top-section elementor-element elementor-element-60272ad elementor-section-boxed elementor-section-height-default elementor-section-height-default\" data-id=\"60272ad\" data-element_type=\"section\" data-e-type=\"section\">\n\t\t\t\t\t\t<div class=\"elementor-container elementor-column-gap-default\">\n\t\t\t\t\t<div class=\"elementor-column elementor-col-100 elementor-top-column elementor-element elementor-element-8a55555\" data-id=\"8a55555\" data-element_type=\"column\" data-e-type=\"column\">\n\t\t\t<div class=\"elementor-widget-wrap elementor-element-populated\">\n\t\t\t\t\t\t<div class=\"elementor-element elementor-element-4880c26 elementor-widget elementor-widget-heading\" data-id=\"4880c26\" data-element_type=\"widget\" data-e-type=\"widget\" data-widget_type=\"heading.default\">\n\t\t\t\t<div class=\"elementor-widget-container\">\n\t\t\t\t\t<h2 class=\"elementor-heading-title elementor-size-default\"><font><span>2026 - Health Forum<\/span><\/font><\/h2>\t\t\t\t<\/div>\n\t\t\t\t<\/div>\n\t\t\t\t<div class=\"elementor-element elementor-element-dec25a6 elementor-widget elementor-widget-text-editor\" data-id=\"dec25a6\" data-element_type=\"widget\" data-e-type=\"widget\" data-widget_type=\"text-editor.default\">\n\t\t\t\t<div class=\"elementor-widget-container\">\n\t\t\t\t\t\t\t\t\t<p><a href=\"https:\/\/maniwakinfc.ca\/wp-content\/uploads\/2026\/02\/Health-Forum-Registration-Form.docx\">Health Forum Registration Form<\/a><\/p>\t\t\t\t\t\t\t\t<\/div>\n\t\t\t\t<\/div>\n\t\t\t\t\t<\/div>\n\t\t<\/div>\n\t\t\t\t\t<\/div>\n\t\t<\/section>\n\t\t\t\t<\/div>","protected":false},"excerpt":{"rendered":"<p>Documents Annual Activity Report 2024-2025\u00a0 \u00a0Annual Activity Report 2023-2024 \u00a0Annual Activity Report 2022-2023 Annual Activity Report 2021-2022 Annual Activity Report 2020-2021 Annual Activity Report 2019-2020 Annual Activity Report 2018-2019 Annual Activity Report 2017-2018 Early Childhood Needs Assessment (2019) Maniwaki Native Friendship Centre Needs Assessment (2016) Resources Regroupement des centres d\u2019amiti\u00e9 autochtones du Qu\u00e9bec (RCAAQ) National &hellip;<\/p>","protected":false},"author":1,"featured_media":0,"parent":0,"menu_order":0,"comment_status":"closed","ping_status":"closed","template":"","meta":{"footnotes":""},"class_list":["post-6160","page","type-page","status-publish","hentry"],"_links":{"self":[{"href":"https:\/\/maniwakinfc.ca\/fr\/wp-json\/wp\/v2\/pages\/6160","targetHints":{"allow":["GET"]}}],"collection":[{"href":"https:\/\/maniwakinfc.ca\/fr\/wp-json\/wp\/v2\/pages"}],"about":[{"href":"https:\/\/maniwakinfc.ca\/fr\/wp-json\/wp\/v2\/types\/page"}],"author":[{"embeddable":true,"href":"https:\/\/maniwakinfc.ca\/fr\/wp-json\/wp\/v2\/users\/1"}],"replies":[{"embeddable":true,"href":"https:\/\/maniwakinfc.ca\/fr\/wp-json\/wp\/v2\/comments?post=6160"}],"version-history":[{"count":10,"href":"https:\/\/maniwakinfc.ca\/fr\/wp-json\/wp\/v2\/pages\/6160\/revisions"}],"predecessor-version":[{"id":6661,"href":"https:\/\/maniwakinfc.ca\/fr\/wp-json\/wp\/v2\/pages\/6160\/revisions\/6661"}],"wp:attachment":[{"href":"https:\/\/maniwakinfc.ca\/fr\/wp-json\/wp\/v2\/media?parent=6160"}],"curies":[{"name":"wp","href":"https:\/\/api.w.org\/{rel}","templated":true}]}}